{"id":73,"date":"2015-03-01T02:17:51","date_gmt":"2015-03-01T01:17:51","guid":{"rendered":"http:\/\/www.circuloludofago.com\/?page_id=73"},"modified":"2015-03-07T03:00:45","modified_gmt":"2015-03-07T02:00:45","slug":"informe-del-agente-bergman-john-sobre-el-circulo-del-ludofago-londres-1866","status":"publish","type":"page","link":"https:\/\/circuloludofago.com\/wordpress\/informe-del-agente-bergman-john-sobre-el-circulo-del-ludofago-londres-1866\/","title":{"rendered":"Informe del agente Bergman, John, sobre el C\u00edrculo del Lud\u00f3fago. Londres, 1866."},"content":{"rendered":"<p style=\"text-align: justify;\">\n<p style=\"text-align: justify;\"><a href=\"https:\/\/circuloludofago.com\/wordpress\/wp-content\/uploads\/2015\/03\/portada-informe-lud\u00f3fago.jpg\"><img loading=\"lazy\" decoding=\"async\" class=\"  wp-image-78 alignleft\" src=\"https:\/\/circuloludofago.com\/wordpress\/wp-content\/uploads\/2015\/03\/portada-informe-lud\u00f3fago-210x300.jpg\" alt=\"portada informe lud\u00f3fago\" width=\"218\" height=\"311\" srcset=\"https:\/\/circuloludofago.com\/wordpress\/wp-content\/uploads\/2015\/03\/portada-informe-lud\u00f3fago-210x300.jpg 210w, https:\/\/circuloludofago.com\/wordpress\/wp-content\/uploads\/2015\/03\/portada-informe-lud\u00f3fago-716x1024.jpg 716w, https:\/\/circuloludofago.com\/wordpress\/wp-content\/uploads\/2015\/03\/portada-informe-lud\u00f3fago-105x150.jpg 105w, https:\/\/circuloludofago.com\/wordpress\/wp-content\/uploads\/2015\/03\/portada-informe-lud\u00f3fago.jpg 739w\" sizes=\"auto, (max-width: 218px) 100vw, 218px\" \/><\/a><span style=\"text-decoration: underline;\">Informe original del agente Bergman, John<\/span> (modificado con posterioridad a su muerte, en 1897, por los agentes a cargo del caso del Lud\u00f3fago):<\/p>\n<p style=\"text-align: justify;\">En noviembre de 1857, el Servicio de Inteligencia Brit\u00e1nico, en colaboraci\u00f3n con el Ej\u00e9rcito, ejecut\u00f3 una operaci\u00f3n especial en el departamento de Jaipur (India), concretamente en Abhaneri, localidad situada a unos 95 kil\u00f3metros de la ciudad de Jaipur. Entre la carretera y la v\u00eda f\u00e9rrea que unen Jaipur y Agra, en los s\u00f3tanos de un caser\u00edo propiedad del General William Goldberg, m\u00e1ximo responsable de la Compa\u00f1\u00eda de las Indias Orientales, los agentes desarticularon una extra\u00f1a logia l\u00fadica que se hac\u00eda llamar \u201c<strong><em>C\u00edrculo del Lud\u00f3fago<\/em><\/strong>\u201d.<\/p>\n<p style=\"text-align: justify;\">A las 20:00 los agentes de Su Majestad irrumpieron \u00a0por la rudimentaria puerta principal hasta el \u00a0acceso al s\u00f3tano, lugar s\u00f3rdido pobremente iluminado por unas pocas velas. Los cultistas se encontraban urdiendo no sabemos a\u00fan qu\u00e9 y no advirtieron nuestra presencia hasta que fu\u00e9 demasiado tarde. \u00a0Tras la confusi\u00f3n inicial, tres de ellos trataron de huir sin \u00e9xito por un corredor oculto, en cuya entrada fueron reducidos con rapidez. Fueron detenidas\u00a0ocho personas y no hubo heridos ni bajas en ninguno de los bandos. Fu\u00e9 una redada limpia y r\u00e1pida, como corresponde a los agentes del Servicio de Inteligencia.<\/p>\n<p style=\"text-align: justify;\">El caso fue puesto a continuaci\u00f3n en mis manos, y este informe es el resultado de la investigaci\u00f3n posterior, que condujo al desmantelamiento de la organizaci\u00f3n principal y sus tres c\u00e9lulas conocidas, y para la que fue determinante el testimonio del hijo del propio general Goldberg, William Goldberg Jr., cuya declaraci\u00f3n se expone en extracto a continuaci\u00f3n:<\/p>\n<p style=\"text-align: justify;\"><span style=\"text-decoration: underline;\">Declaraci\u00f3n de William Goldberg Jr. <\/span><\/p>\n<p style=\"text-align: justify;\"><span style=\"text-decoration: underline;\">3 de diciembre de 1857\u00a0 &#8211; <\/span>10:00 Cuartel General del Servicio de Inteligencia<\/p>\n<p style=\"text-align: justify;\"><em>\u201cEn 1850 conoc\u00ed, en uno de los m\u00e1s rec\u00f3nditos escondrijos de los mercados de Jaipur, en la India, un peculiar ser de aspecto \u201ccasi\u201d totalmente humano. Digo \u00abcasi\u00bb debido, entre otras cosas, a sus peculiares pabellones auditivos, semejantes a los de alg\u00fan animal indeterminado. El individuo se hac\u00eda llamar \u201c<strong>Morgan Malleus, El Lud\u00f3fago<\/strong>\u201d. Aunque de aspecto desali\u00f1ado, ten\u00eda algo simp\u00e1tico y agradable en el trato, algo que atra\u00eda intensamente al poco de iniciar conversaci\u00f3n con \u00e9l. <\/em><\/p>\n<p style=\"text-align: justify;\"><em>En las sinuosas calles de Varanasi, en sus tabernas, escondido siempre en alguna oscura habitaci\u00f3n, encontraba inevitablemente al tal Morgan, al que buscaba con una intensa curiosidad y por el que adquir\u00ed un cierto aprecio a fuerza de conversar sobre mil asuntos. Me ense\u00f1\u00f3, entre los humos y licores de los antros que frecuentaba, el arte del ajedrez; me cont\u00f3 los entresijos t\u00e1cticos y estrat\u00e9gicos de las m\u00e1s famosas batallas de la Historia, sobre las que parec\u00eda poseer un amplio conocimiento; me mostraba diagramas y, con el tiempo, los transform\u00f3 en extra\u00f1os pero adictivos juegos de mesa que ilustraban esos episodios con una claridad manifiesta. Me cont\u00f3 impagables secretos de la literatura, la naturaleza, y de aquellas nuevas artes que iban surgiendo en esta nueva \u00e9poca de ciencia y descubrimientos. <\/em><\/p>\n<p style=\"text-align: justify;\"><em>Acab\u00f3 present\u00e1ndome a un grupo de selectos amigos que compart\u00edan sus gustos y aficiones al amparo de la \u00edntima luz de las velas. Para cuando pude darme cuenta no viv\u00eda sino por y para aquella interesant\u00edsima sociedad en la que fui iniciado, plena de actividades y secretos que poco a poco me fueron revelados.<\/em><\/p>\n<p style=\"text-align: justify;\"><em>Supe en su debido momento sobre el estatus de aquel ser, un punto de uni\u00f3n entre aquellos conocimientos c\u00f3smicos, <span style=\"text-decoration: underline;\">un maestro de ceremonias<\/span>, el instigador de los proyectos de la organizaci\u00f3n y <span style=\"text-decoration: underline;\">el mayor lud\u00f3fago de todos<\/span>.<\/em><\/p>\n<p style=\"text-align: justify;\"><em>Un d\u00eda decid\u00ed ofrecer a la sociedad un escondido s\u00f3tano semicavernoso excavado junto a la casa de campo de mi padre, \u00a0quien no se enter\u00f3 de nada, pues se pasaba meses enteros de viaje por la rebeli\u00f3n de la India \u00a0de 1857. Y all\u00ed, entre manuscritos y libros, juegos y torneos, celebraciones y todo tipo de ocio libertino, nos cerramos al mundo conocido para descubrir otro nuevo, del que ya no quer\u00edamos salir, y al cual nos abandonamos para siempre.\u201d<\/em><\/p>\n<p style=\"text-align: justify;\">Desgraciadamente, esto fue todo. El hombre se sumi\u00f3 en un silencio obstinado y se neg\u00f3 a proporcionar m\u00e1s informaci\u00f3n.<\/p>\n<p style=\"text-align: justify;\">Cuando los agentes desmantelaron la sociedad, pudimos comprobar que se reg\u00eda por una <span style=\"text-decoration: underline;\">estructura al estilo de las \u00f3rdenes esot\u00e9ricas o los masones.<\/span> Exist\u00eda una precisa promoci\u00f3n interna, cuyos pelda\u00f1os se designaban en honor a deidades c\u00f3smicas desconocidas de nombres cuando menos inquietantes. No obstante, se pudo comprobar que dicho homenaje era una pura formalidad, ya que la actividad de la logia secreta consist\u00eda en organizar bacanales l\u00fadicas, en las que se entregaban al juego intelectual, a la lectura de sospechosos escritos de horror y ciencia ficci\u00f3n, a la emulaci\u00f3n de cruentas batallas, el estudio de la estrategia y muchas otras ocupaciones del intelecto que evitaban la degradaci\u00f3n mental y simulaban los efectos de los opi\u00e1ceos.<\/p>\n<p style=\"text-align: justify;\">Tras el arduo trabajo de investigaci\u00f3n, se descubrieron otras tres c\u00e9lulas m\u00e1s de esta ins\u00f3lita sociedad secreta. Una en Londres, en un h\u00famedo s\u00f3tano de Whitechapel Street, desactivada en 1866; otra en una casa particular de El Cairo, adyacente a la de otro acaudalado hombre de negocios relacionado con la sociedad, en 1889; y la \u00faltima, en un caser\u00f3n de Nueva Orleans, en 1920.. De todas estas actuaciones \u00a0presentaremos informes aparte.<\/p>\n<p style=\"text-align: justify;\">Seguimos investigando actualmente en busca de <span style=\"text-decoration: underline;\">posibles nuevas c\u00e9lulas<\/span>, pues sospechamos que sus secretos se han conservado en manos de otros adeptos y, por si fuera poco, ignoramos el paradero o el fin de Morgan Malleus, <span style=\"text-decoration: underline;\">en busca y captura desde 1857<\/span>, quien no ha dejado de aparecer intermitentemente en cartas y circulares interceptadas por nuestros investigadores.<\/p>\n<p style=\"text-align: justify;\"><span style=\"text-decoration: underline;\">ANEXO 1: Aspecto de Morgan Malleus en 1857<\/span><\/p>\n<p style=\"text-align: justify;\">\u00a0<a href=\"https:\/\/circuloludofago.com\/wordpress\/wp-content\/uploads\/2015\/03\/Morgan-Malleus.jpg\"><img loading=\"lazy\" decoding=\"async\" class=\"aligncenter  wp-image-74\" src=\"https:\/\/circuloludofago.com\/wordpress\/wp-content\/uploads\/2015\/03\/Morgan-Malleus-300x300.jpg\" alt=\"Morgan Malleus\" width=\"137\" height=\"137\" srcset=\"https:\/\/circuloludofago.com\/wordpress\/wp-content\/uploads\/2015\/03\/Morgan-Malleus-300x300.jpg 300w, https:\/\/circuloludofago.com\/wordpress\/wp-content\/uploads\/2015\/03\/Morgan-Malleus-150x150.jpg 150w, https:\/\/circuloludofago.com\/wordpress\/wp-content\/uploads\/2015\/03\/Morgan-Malleus.jpg 538w\" sizes=\"auto, (max-width: 137px) 100vw, 137px\" \/><\/a><\/p>\n<p style=\"text-align: justify;\"><span style=\"text-decoration: underline;\">ANEXO 2: S\u00edmbolos e iconos del C\u00edrculo del Lud\u00f3fago<\/span><\/p>\n<p style=\"text-align: justify;\"><span style=\"text-decoration: underline;\">Sello de la organizaci\u00f3n<\/span>:\u00a0\u00a0<a href=\"https:\/\/circuloludofago.com\/wordpress\/wp-content\/uploads\/2015\/02\/lodo-CdL-_v02-sin-fondo.png\"><img loading=\"lazy\" decoding=\"async\" class=\"aligncenter  wp-image-29\" src=\"https:\/\/circuloludofago.com\/wordpress\/wp-content\/uploads\/2015\/02\/lodo-CdL-_v02-sin-fondo-300x300.png\" alt=\"lodo CdL _v02 sin fondo\" width=\"132\" height=\"132\" srcset=\"https:\/\/circuloludofago.com\/wordpress\/wp-content\/uploads\/2015\/02\/lodo-CdL-_v02-sin-fondo-300x300.png 300w, https:\/\/circuloludofago.com\/wordpress\/wp-content\/uploads\/2015\/02\/lodo-CdL-_v02-sin-fondo-150x150.png 150w, https:\/\/circuloludofago.com\/wordpress\/wp-content\/uploads\/2015\/02\/lodo-CdL-_v02-sin-fondo-1024x1024.png 1024w, https:\/\/circuloludofago.com\/wordpress\/wp-content\/uploads\/2015\/02\/lodo-CdL-_v02-sin-fondo.png 1181w\" sizes=\"auto, (max-width: 132px) 100vw, 132px\" \/><\/a><span style=\"text-decoration: underline;\">ANEXO 3: Simbolog\u00eda de la promoci\u00f3n interna<\/span><\/p>\n<p style=\"text-align: justify;\">La simbolog\u00eda utilizada para la representaci\u00f3n de los rangos dentro de la jerarqu\u00eda parecen ser de procedencia alqu\u00edmica, aunque la investigaci\u00f3n no ha podido esclarecer la relaci\u00f3n entre los s\u00edmbolos y los extra\u00f1os nombres utilizados.<\/p>\n<p style=\"text-align: justify;\"><span style=\"text-decoration: underline;\"><a href=\"https:\/\/circuloludofago.com\/wordpress\/wp-content\/uploads\/2015\/03\/Escalaf\u00f3n.png\"><img loading=\"lazy\" decoding=\"async\" class=\"aligncenter wp-image-75 \" src=\"https:\/\/circuloludofago.com\/wordpress\/wp-content\/uploads\/2015\/03\/Escalaf\u00f3n.png\" alt=\"\" width=\"496\" height=\"394\" srcset=\"https:\/\/circuloludofago.com\/wordpress\/wp-content\/uploads\/2015\/03\/Escalaf\u00f3n.png 979w, https:\/\/circuloludofago.com\/wordpress\/wp-content\/uploads\/2015\/03\/Escalaf\u00f3n-300x238.png 300w, https:\/\/circuloludofago.com\/wordpress\/wp-content\/uploads\/2015\/03\/Escalaf\u00f3n-189x150.png 189w, https:\/\/circuloludofago.com\/wordpress\/wp-content\/uploads\/2015\/03\/Escalaf\u00f3n-150x119.png 150w\" sizes=\"auto, (max-width: 496px) 100vw, 496px\" \/><\/a><\/span><\/p>\n<p style=\"text-align: justify;\">Seg\u00fan parece, los miembros m\u00e1s recientes ingresaban a la blasfema organizaci\u00f3n con el t\u00edtulo de \u201cCultistas\u201d y de ah\u00ed ascend\u00edan en el escalaf\u00f3n, pasando de un c\u00edrculo a otro, hasta llegar al C\u00edrculo de Primigenios, estadio en el que se asentaban los mas \u201csabios\u201d y \u201carcanos\u201d miembros, encargados de la administraci\u00f3n de la sociedad.<\/p>\n<p style=\"text-align: justify;\">De los llamados Primigenios apenas se pudo sonsacar informaci\u00f3n, ya que se refer\u00edan reiteradamente a sus fines como \u201cNuestros Asuntos\u201d y su \u00fanica respuesta era, una vez y otra: \u201cNuestros Asuntos son cosa nuestra\u201d. No ten\u00edan ascensi\u00f3n interna aparente, pues al llegar a ese estadio ocupaban una especie de puesto honor\u00edfico, al estilo de los asientos de la famosa Real Academia Espa\u00f1ola, pero con espantosos nombres de ignotos dioses paganos.<\/p>\n<p style=\"text-align: justify;\">Detallo a continuaci\u00f3n el espeluznante discurso que, cerveza en mano, era le\u00eddo en el acto de ascensi\u00f3n de los adeptos al siguiente nivel.<\/p>\n<p style=\"text-align: justify;\"><em>\u201cNos es grato proclamar, en esta arcana sociedad, que en el sagrado orden c\u00f3smico de los Innombrables y Primigenios, que aguardan pacientes su llegada a trav\u00e9s de los eones, X (aqu\u00ed el nombre del adepto) asciende por fin, firme y decidido, al prestigioso estatus de XX (aqu\u00ed, el nombre del nuevo nivel alcanzado), t\u00edtulo que portar\u00e1 con orgullo y nobleza y por el que ser\u00e1 tratado de ahora en adelante con el debido respeto\u201d<\/em><\/p>\n<p style=\"text-align: justify;\">Informe de 1866, modificado por \u00faltima vez en 1920. Agente Bergman N\u00ba 675b<\/p>\n<p style=\"text-align: justify;\">\u00a0Firmado 8\/10\/1920<\/p>\n<p style=\"text-align: justify;\">John Bergman<\/p>\n<p style=\"text-align: justify;\">\n<p>&nbsp;<\/p>\n","protected":false},"excerpt":{"rendered":"<p>Informe original del agente Bergman, John (modificado con posterioridad a su muerte, en 1897, por los agentes a cargo del caso del Lud\u00f3fago): En noviembre de 1857, el Servicio de Inteligencia Brit\u00e1nico, en colaboraci\u00f3n con el Ej\u00e9rcito, ejecut\u00f3 una operaci\u00f3n especial en el departamento de Jaipur (India), concretamente en Abhaneri, \u2026 <a class=\"continue-reading-link\" href=\"https:\/\/circuloludofago.com\/wordpress\/informe-del-agente-bergman-john-sobre-el-circulo-del-ludofago-londres-1866\/\"> seguir leyendo <span class=\"meta-nav\">&rarr; <\/span><\/a><\/p>\n","protected":false},"author":2,"featured_media":0,"parent":0,"menu_order":0,"comment_status":"open","ping_status":"closed","template":"","meta":{"_acf_changed":false,"footnotes":""},"class_list":["post-73","page","type-page","status-publish","hentry"],"acf":[],"jetpack_sharing_enabled":true,"_links":{"self":[{"href":"https:\/\/circuloludofago.com\/wordpress\/wp-json\/wp\/v2\/pages\/73","targetHints":{"allow":["GET"]}}],"collection":[{"href":"https:\/\/circuloludofago.com\/wordpress\/wp-json\/wp\/v2\/pages"}],"about":[{"href":"https:\/\/circuloludofago.com\/wordpress\/wp-json\/wp\/v2\/types\/page"}],"author":[{"embeddable":true,"href":"https:\/\/circuloludofago.com\/wordpress\/wp-json\/wp\/v2\/users\/2"}],"replies":[{"embeddable":true,"href":"https:\/\/circuloludofago.com\/wordpress\/wp-json\/wp\/v2\/comments?post=73"}],"version-history":[{"count":4,"href":"https:\/\/circuloludofago.com\/wordpress\/wp-json\/wp\/v2\/pages\/73\/revisions"}],"predecessor-version":[{"id":168,"href":"https:\/\/circuloludofago.com\/wordpress\/wp-json\/wp\/v2\/pages\/73\/revisions\/168"}],"wp:attachment":[{"href":"https:\/\/circuloludofago.com\/wordpress\/wp-json\/wp\/v2\/media?parent=73"}],"curies":[{"name":"wp","href":"https:\/\/api.w.org\/{rel}","templated":true}]}}