{"id":70,"date":"2015-03-01T00:55:07","date_gmt":"2015-02-28T23:55:07","guid":{"rendered":"http:\/\/www.circuloludofago.com\/?page_id=70"},"modified":"2015-03-01T00:55:55","modified_gmt":"2015-02-28T23:55:55","slug":"de-que-va-esto","status":"publish","type":"page","link":"https:\/\/circuloludofago.com\/wordpress\/de-que-va-esto\/","title":{"rendered":"\u00bfDe qu\u00e9 va esto?"},"content":{"rendered":"<p>Desde el fondo de nuestra caverna se vislumbraba una d\u00e9bil lucecita titilante. La curiosidad nos llev\u00f3 hasta ella y aparecimos aqu\u00ed mismo y\u00a0a la vista de todos. Por fin nos mostramos a la luz del d\u00eda, por fin se podr\u00e1 saber qui\u00e9nes somos y qu\u00e9 hac\u00edamos tantos a\u00f1os escondidos en la oscuridad y ocultos por el anonimato.<\/p>\n<p>Nuestro nombre, por ahora: el C\u00edrculo del Lud\u00f3fago.<\/p>\n<p>Nuestros objetivos, a partir de ahora, como est\u00e1n establecidos en nuestros estatutos oficiales:<\/p>\n<blockquote><p>\u00a0\u201cNuestros Asuntos\u201d, en adelante, queda referido al conjunto de temas que son del inter\u00e9s de los asociados del C\u00cdRCULO DEL LUD\u00d3FAGO, a saber: <strong>literatura<\/strong>, <strong>c\u00f3mic <\/strong>(incluido manga), <strong>cine, teatro y m\u00fasica<\/strong>, <strong>arte e ilustraci\u00f3n<\/strong>, <strong>anime<\/strong>, <strong>juegos de mesa no basados en el azar<\/strong> (incluido rol, wargames, ajedrez o Magic, entre muchos otros), <strong>modelismo,<\/strong><strong>ecologismo<\/strong>, <strong>ciencia,<\/strong><strong>filosof\u00eda<\/strong>, <strong>matem\u00e1ticas, videojuegos<\/strong> e <strong>historia<\/strong>, adem\u00e1s de cualquier otra manifestaci\u00f3n cultural que el Consejo de Primigenios estime oportuno a\u00f1adir tras su propuesta por parte del C\u00f3nclave de Adeptos.<\/p>\n<p>La Asociaci\u00f3n tendr\u00e1 las siguientes finalidades, de car\u00e1cter cultural, sin \u00e1nimo de lucro, sin ocupaci\u00f3n de cuestiones pol\u00edticas, y con un claro sentido de lo social:<\/p>\n<p><strong>I.-<\/strong>\u00a0 Crear y mantener un lugar de encuentro apropiadamente acondicionado y ambientado para el desarrollo y disfrute de Nuestros Asuntos.<\/p>\n<p><strong>II.-<\/strong> Organizar actividades de todo tipo referentes a Nuestros Asuntos.<\/p>\n<p><strong>III.-<\/strong> Compartir conocimientos y materiales referentes a Nuestros Asuntos.<\/p>\n<p><strong>IV.-<\/strong> Promocionar el conocimiento de Nuestros Asuntos en nuestro \u00e1mbito geogr\u00e1fico y comunicativo.<\/p>\n<p><strong>V.-<\/strong> Proporcionar una oferta cultural seria como alternativa a la de ocio superficial e ins\u00edpido que invade nuestra vida social.<\/p>\n<p><strong>VI.-<\/strong> Divertirnos, siempre.<\/p><\/blockquote>\n<p>As\u00ed somos y esto es lo que pretendemos. Queremos ser el punto de encuentro de la gente curiosa, de los que buscan algo m\u00e1s all\u00e1 de lo de siempre, de los que prefieren jugar y pensar mejor que s\u00f3lo jugar, de roleros veteranos o novatos, jugadores de Magic y similares, aficionados a escribir relatos o a leer los de los dem\u00e1s, fan\u00e1ticos del anime y quienes quieren saber de qu\u00e9 va eso, gustosos del c\u00f3mic, el cine, la matem\u00e1tica recreativa, el ajedrez\u00a0o el cubo de Rubik,\u00a0coleccionistas de varitas de Harry Potter y videojuegos de Spectrum, obsesos de Poe, Tolkien, Lem y Lovecraft, y hasta amantes del arte y la ilustraci\u00f3n y la historia y la filosof\u00eda de bar.<\/p>\n<p>Si te suena o te interesa cualquiera de estos temas, eres uno de los nuestros y nosotros somos de los tuyos. Sal a la luz y haznos saber de tu existencia como t\u00fa ya sabes de la nuestra.<\/p>\n<p>Los vicios, compartidos, son aficiones. En solitario, son obsesiones.<\/p>\n<p>ludofago@circuloludofago.com<\/p>\n<p>Facebook: C\u00edrculo del Lud\u00f3fago<\/p>\n","protected":false},"excerpt":{"rendered":"<p>Desde el fondo de nuestra caverna se vislumbraba una d\u00e9bil lucecita titilante. La curiosidad nos llev\u00f3 hasta ella y aparecimos aqu\u00ed mismo y\u00a0a la vista de todos. Por fin nos mostramos a la luz del d\u00eda, por fin se podr\u00e1 saber qui\u00e9nes somos y qu\u00e9 hac\u00edamos tantos a\u00f1os escondidos en \u2026 <a class=\"continue-reading-link\" href=\"https:\/\/circuloludofago.com\/wordpress\/de-que-va-esto\/\"> seguir leyendo <span class=\"meta-nav\">&rarr; <\/span><\/a><\/p>\n","protected":false},"author":2,"featured_media":0,"parent":0,"menu_order":0,"comment_status":"open","ping_status":"closed","template":"","meta":{"_acf_changed":false,"footnotes":""},"class_list":["post-70","page","type-page","status-publish","hentry"],"acf":[],"jetpack_sharing_enabled":true,"_links":{"self":[{"href":"https:\/\/circuloludofago.com\/wordpress\/wp-json\/wp\/v2\/pages\/70","targetHints":{"allow":["GET"]}}],"collection":[{"href":"https:\/\/circuloludofago.com\/wordpress\/wp-json\/wp\/v2\/pages"}],"about":[{"href":"https:\/\/circuloludofago.com\/wordpress\/wp-json\/wp\/v2\/types\/page"}],"author":[{"embeddable":true,"href":"https:\/\/circuloludofago.com\/wordpress\/wp-json\/wp\/v2\/users\/2"}],"replies":[{"embeddable":true,"href":"https:\/\/circuloludofago.com\/wordpress\/wp-json\/wp\/v2\/comments?post=70"}],"version-history":[{"count":2,"href":"https:\/\/circuloludofago.com\/wordpress\/wp-json\/wp\/v2\/pages\/70\/revisions"}],"predecessor-version":[{"id":72,"href":"https:\/\/circuloludofago.com\/wordpress\/wp-json\/wp\/v2\/pages\/70\/revisions\/72"}],"wp:attachment":[{"href":"https:\/\/circuloludofago.com\/wordpress\/wp-json\/wp\/v2\/media?parent=70"}],"curies":[{"name":"wp","href":"https:\/\/api.w.org\/{rel}","templated":true}]}}