{"id":66,"date":"2015-03-01T00:46:00","date_gmt":"2015-02-28T23:46:00","guid":{"rendered":"http:\/\/www.circuloludofago.com\/?page_id=66"},"modified":"2015-03-01T00:46:00","modified_gmt":"2015-02-28T23:46:00","slug":"eres-uno-de-nosotros","status":"publish","type":"page","link":"https:\/\/circuloludofago.com\/wordpress\/eres-uno-de-nosotros\/","title":{"rendered":"\u00bfEres uno de nosotros?"},"content":{"rendered":"<p><a href=\"https:\/\/circuloludofago.com\/wordpress\/wp-content\/uploads\/2015\/03\/30lfj0z.jpg\"><img loading=\"lazy\" decoding=\"async\" class=\" size-medium wp-image-64 alignleft\" src=\"https:\/\/circuloludofago.com\/wordpress\/wp-content\/uploads\/2015\/03\/30lfj0z-300x203.jpg\" alt=\"30lfj0z\" width=\"300\" height=\"203\" srcset=\"https:\/\/circuloludofago.com\/wordpress\/wp-content\/uploads\/2015\/03\/30lfj0z-300x203.jpg 300w, https:\/\/circuloludofago.com\/wordpress\/wp-content\/uploads\/2015\/03\/30lfj0z-222x150.jpg 222w, https:\/\/circuloludofago.com\/wordpress\/wp-content\/uploads\/2015\/03\/30lfj0z-150x102.jpg 150w, https:\/\/circuloludofago.com\/wordpress\/wp-content\/uploads\/2015\/03\/30lfj0z.jpg 650w\" sizes=\"auto, (max-width: 300px) 100vw, 300px\" \/><\/a>Esto va de que algunos nos hemos hartado de vivir nuestras aficiones en soledad, ocultos en cuevas a las que llamamos \u00abnuestra habitaci\u00f3n\u00bb, solo porque tenemos gustos minoritarios, frikis o extravagantes. Nos hemos dado cuenta, en los \u00faltimos tiempos, de que hay m\u00e1s gente como nosotros o con cosas en com\u00fan, y que iba siendo hora de tener un lugar de encuentro para todos.<\/p>\n<p>Hablo de jugadores de rol, ajedrez, juegos de mesa (no basados en el azar, ojo, que haya que pensar un poco), amantes del c\u00f3mic, el manga y el anime, de los libros de ciencia ficci\u00f3n, de Harry Potter o\u00a0del Se\u00f1or de los Anillos, de viciosos de Magic y otros juegos de cartas coleccionables, nost\u00e1lgicos de los videojuegos retro, apasionados del cine fant\u00e1stico o del m\u00e1s cl\u00e1sico, comprometidos con el ecologismo y aficionados a Salones del Manga, cultura japonesa, gadgets curiosos o mercadillos de segunda mano.<\/p>\n<p>\u00bfEres uno de nosotros?<\/p>\n<p>De momento te ofrecemos este blog en que pretendemos publicar art\u00edculos de inter\u00e9s para todos o casi todos. Intentaremos tocar todos los temas mencionados m\u00e1s arriba y alguno m\u00e1s.\u00a0Pero, sobre todo,\u00a0queremos <span style=\"text-decoration: underline;\">publicar art\u00edculos, relatos, cuentos y ensayos vuestros<\/span>, que pod\u00e9is remitirnos al correo ludofago@circuloludofago.com. Para romper el hielo, estaremos posteando cosas nuestras hasta que nos inund\u00e9is con las vuestras.<\/p>\n<p>Tambi\u00e9n estamos en <span style=\"text-decoration: underline;\">Facebook<\/span> como C\u00edrculo del Lud\u00f3fago. S\u00edguenos y te pondremos al d\u00eda.<\/p>\n<p>Finalmente, y esto es lo m\u00e1s importante, estamos gestionando la <span style=\"text-decoration: underline;\">cesi\u00f3n de un local<\/span> para la asociaci\u00f3n en Olivenza. En cuanto tengamos sede f\u00edsica podremos organizar partidas de rol, de juegos de mesa y de Magic, pases de cine, gymkanas o mercadillos. Y concursos: de juegos, de relatos, de c\u00f3mic o de lo que se nos ocurra.<\/p>\n<p>Os mantendremos informados.<\/p>\n","protected":false},"excerpt":{"rendered":"<p>Esto va de que algunos nos hemos hartado de vivir nuestras aficiones en soledad, ocultos en cuevas a las que llamamos \u00abnuestra habitaci\u00f3n\u00bb, solo porque tenemos gustos minoritarios, frikis o extravagantes. Nos hemos dado cuenta, en los \u00faltimos tiempos, de que hay m\u00e1s gente como nosotros o con cosas en \u2026 <a class=\"continue-reading-link\" href=\"https:\/\/circuloludofago.com\/wordpress\/eres-uno-de-nosotros\/\"> seguir leyendo <span class=\"meta-nav\">&rarr; <\/span><\/a><\/p>\n","protected":false},"author":2,"featured_media":0,"parent":0,"menu_order":0,"comment_status":"open","ping_status":"closed","template":"","meta":{"_acf_changed":false,"footnotes":""},"class_list":["post-66","page","type-page","status-publish","hentry"],"acf":[],"jetpack_sharing_enabled":true,"_links":{"self":[{"href":"https:\/\/circuloludofago.com\/wordpress\/wp-json\/wp\/v2\/pages\/66","targetHints":{"allow":["GET"]}}],"collection":[{"href":"https:\/\/circuloludofago.com\/wordpress\/wp-json\/wp\/v2\/pages"}],"about":[{"href":"https:\/\/circuloludofago.com\/wordpress\/wp-json\/wp\/v2\/types\/page"}],"author":[{"embeddable":true,"href":"https:\/\/circuloludofago.com\/wordpress\/wp-json\/wp\/v2\/users\/2"}],"replies":[{"embeddable":true,"href":"https:\/\/circuloludofago.com\/wordpress\/wp-json\/wp\/v2\/comments?post=66"}],"version-history":[{"count":1,"href":"https:\/\/circuloludofago.com\/wordpress\/wp-json\/wp\/v2\/pages\/66\/revisions"}],"predecessor-version":[{"id":67,"href":"https:\/\/circuloludofago.com\/wordpress\/wp-json\/wp\/v2\/pages\/66\/revisions\/67"}],"wp:attachment":[{"href":"https:\/\/circuloludofago.com\/wordpress\/wp-json\/wp\/v2\/media?parent=66"}],"curies":[{"name":"wp","href":"https:\/\/api.w.org\/{rel}","templated":true}]}}