{"id":568,"date":"2017-11-17T23:30:11","date_gmt":"2017-11-17T22:30:11","guid":{"rendered":"http:\/\/circuloludofago.com\/wordpress\/?page_id=568"},"modified":"2017-11-17T23:36:04","modified_gmt":"2017-11-17T22:36:04","slug":"reglamento-de-adeptos","status":"publish","type":"page","link":"https:\/\/circuloludofago.com\/wordpress\/reglamento-de-adeptos\/","title":{"rendered":"Reglamento de adeptos"},"content":{"rendered":"<h2><strong>CLASES, SUBCLASES Y C\u00cdRCULOS<\/strong><\/h2>\n<p>Los socios del C\u00edrculo del Lud\u00f3fago se clasifican en tres CLASES, a saber:<\/p>\n<ol>\n<li><strong><u>Miembros Fundadores<\/u><\/strong>: personas que han ideado y promovido la creaci\u00f3n de la Asociaci\u00f3n, haciendo los primeros aportes de tiempo, trabajo, dinero y creatividad para poner en marcha el proyecto. A saber: I\u00f1aki Mart\u00ednez Jaramago, Daniel Dar\u00edo Hinchado Cantero y Jos\u00e9 Luis Bueno Reyes. Dichos miembros tienen los derechos de miembros honorarios y de adeptos simult\u00e1neamente y no pueden ser inhabilitados o excluidos de la Asociaci\u00f3n.<\/li>\n<li><strong><u>Adeptos<\/u><\/strong>: cualquier persona f\u00edsica o jur\u00eddica que sea admitida como asociado posteriormente a la constituci\u00f3n de la asociaci\u00f3n y cumpla con los requisitos establecidos para ello.<\/li>\n<\/ol>\n<p>Los Adeptos se clasifican a su vez en subclases, denominadas C\u00cdRCULOS, seg\u00fan los criterios y con los tipos descritos m\u00e1s adelante.<\/p>\n<ol start=\"3\">\n<li><strong><u>Miembros Honorarios<\/u><\/strong>: personas f\u00edsicas o jur\u00eddicas que por sus actividades o aportes econ\u00f3micos o laborales contribuyan de forma significativa al cumplimiento del objeto social de la Asociaci\u00f3n. Dichos miembros ser\u00e1n propuestos por el Consejo de Primigenios (Junta Directiva) y aprobados por el C\u00f3nclave de Adeptos (Asamblea General). La condici\u00f3n de miembro honorario ser\u00e1 revocable por los mismos medios.<\/li>\n<\/ol>\n<p>En cuanto a la clase de los Adeptos, existen una serie de subclases, que llamamos C\u00cdRCULOS, enumerados a continuaci\u00f3n por orden jer\u00e1rquico ascendente:<\/p>\n<table style=\"height: 2767px;\" width=\"996\">\n<tbody>\n<tr>\n<td width=\"143\">C\u00cdRCULO<\/td>\n<td width=\"206\">Nombre<\/td>\n<td width=\"227\">Descripci\u00f3n<\/td>\n<\/tr>\n<tr>\n<td width=\"143\">C\u00edrculo Exterior<\/td>\n<td width=\"206\">Cultista<\/td>\n<td width=\"227\">Humano<\/td>\n<\/tr>\n<tr>\n<td rowspan=\"3\" width=\"143\">C\u00edrculo de los Ac\u00f3litos<\/td>\n<td width=\"206\">Mi-Go<\/td>\n<td width=\"227\">Hongo de Yuggoth<\/td>\n<\/tr>\n<tr>\n<td width=\"206\">Errante dimensional<\/td>\n<td width=\"227\">Malignidad sanguinaria<\/td>\n<\/tr>\n<tr>\n<td width=\"206\">Primordial<\/td>\n<td width=\"227\">Pilar ancestral<\/td>\n<\/tr>\n<tr>\n<td rowspan=\"3\" width=\"143\">C\u00edrculo de los Ac\u00f3litos Mayores<\/td>\n<td width=\"206\">P\u00f3lipo volador<\/td>\n<td width=\"227\">Terror de la oscuridad inferior<\/td>\n<\/tr>\n<tr>\n<td width=\"206\">Perro de T\u00edndalos<\/td>\n<td width=\"227\">Carro\u00f1ero del tiempo<\/td>\n<\/tr>\n<tr>\n<td width=\"206\">Chthoniano<\/td>\n<td width=\"227\">Excavador tentaculado<\/td>\n<\/tr>\n<tr>\n<td rowspan=\"3\" width=\"143\">C\u00edrculo de Adeptos de los Primigenios<\/td>\n<td width=\"206\">Shoggoth<\/td>\n<td width=\"227\">Iridiscencia f\u00e9tida<\/td>\n<\/tr>\n<tr>\n<td width=\"206\">Engendro informe<\/td>\n<td width=\"227\">Semilla informe de Tsathogghua<\/td>\n<\/tr>\n<tr>\n<td width=\"206\">Profundo<\/td>\n<td width=\"227\">Humanoide superdotado<\/td>\n<\/tr>\n<tr>\n<td rowspan=\"4\" width=\"143\">C\u00edrculo de Adeptos Mayores de los Primigenios<\/td>\n<td width=\"206\">Siervo de los Dioses Arquet\u00edpicos<\/td>\n<td width=\"227\">Esbirros del Caos<\/td>\n<\/tr>\n<tr>\n<td width=\"206\">Embri\u00f3n de Shub-Niggurath<\/td>\n<td width=\"227\">Cr\u00eda de Shub-Niggurath<\/td>\n<\/tr>\n<tr>\n<td width=\"206\">Semilla estelar de Cthulhu<\/td>\n<td width=\"227\">Vigilante del que duerme<\/td>\n<\/tr>\n<tr>\n<td width=\"206\">Horror cazador<\/td>\n<td width=\"227\">El gran volador<\/td>\n<\/tr>\n<tr>\n<td rowspan=\"15\" width=\"143\">C\u00edrculo de los Primigenios<\/td>\n<td width=\"206\">Yig<\/td>\n<td width=\"227\">Padre de la Serpiente<\/td>\n<\/tr>\n<tr>\n<td width=\"206\">Ithaqua<\/td>\n<td width=\"227\">El caminante del viento<\/td>\n<\/tr>\n<tr>\n<td width=\"206\">Zhar<\/td>\n<td width=\"227\">La doble obscenidad<\/td>\n<\/tr>\n<tr>\n<td width=\"206\">Cthulhu<\/td>\n<td width=\"227\">Maestro de R&#8217;lyeh<\/td>\n<\/tr>\n<tr>\n<td width=\"206\">Cthugha<\/td>\n<td width=\"227\">La llama viviente<\/td>\n<\/tr>\n<tr>\n<td width=\"206\">Dagon<\/td>\n<td width=\"227\">Soberano de los Profundos<\/td>\n<\/tr>\n<tr>\n<td width=\"206\">Tsathogghua<\/td>\n<td width=\"227\">El durmiente de N&#8217;kai<\/td>\n<\/tr>\n<tr>\n<td width=\"206\">Y&#8217;Golonac<\/td>\n<td width=\"227\">Morador de las ruinas<\/td>\n<\/tr>\n<tr>\n<td width=\"206\">Atlach-Nacha<\/td>\n<td width=\"227\">El dios ara\u00f1a<\/td>\n<\/tr>\n<tr>\n<td width=\"206\">Rhan-Tegoth<\/td>\n<td width=\"227\">Terror de los hom\u00ednidos<\/td>\n<\/tr>\n<tr>\n<td width=\"206\">Shudde M&#8217;ell<\/td>\n<td width=\"227\">El horadador indigno<\/td>\n<\/tr>\n<tr>\n<td width=\"206\">Ghatanothoa<\/td>\n<td width=\"227\">Se\u00f1or del volc\u00e1n<\/td>\n<\/tr>\n<tr>\n<td width=\"206\">Bokrug<\/td>\n<td width=\"227\">Gran lagarto acu\u00e1tico<\/td>\n<\/tr>\n<tr>\n<td width=\"206\">Hastur<\/td>\n<td width=\"227\">El innombrable<\/td>\n<\/tr>\n<tr>\n<td width=\"206\">Chaugnar Faugn<\/td>\n<td width=\"227\">Horror de las colinas<\/td>\n<\/tr>\n<tr>\n<td rowspan=\"9\" width=\"143\">C\u00edrculo de los Arquet\u00edpicos<\/td>\n<td width=\"206\">Abhoth<\/td>\n<td width=\"227\">Fuente de inmundicia<\/td>\n<\/tr>\n<tr>\n<td width=\"206\">Ubbo-Sathla<\/td>\n<td width=\"227\">La fuente no engendrada<\/td>\n<\/tr>\n<tr>\n<td width=\"206\">Tulzscha<\/td>\n<td width=\"227\">La llama verde<\/td>\n<\/tr>\n<tr>\n<td width=\"206\">Nyarlathotep<\/td>\n<td width=\"227\">El caos reptante<\/td>\n<\/tr>\n<tr>\n<td width=\"206\">Nodens<\/td>\n<td width=\"227\">Se\u00f1or del Gran Abismo<\/td>\n<\/tr>\n<tr>\n<td width=\"206\">Hypnos<\/td>\n<td width=\"227\">Se\u00f1or del Sue\u00f1o<\/td>\n<\/tr>\n<tr>\n<td width=\"206\">Yog-Sothoth<\/td>\n<td width=\"227\">El Todo-en-Uno<\/td>\n<\/tr>\n<tr>\n<td width=\"206\">Shub-Niggurath<\/td>\n<td width=\"227\">La cabra negra de los bosques<\/td>\n<\/tr>\n<tr>\n<td width=\"206\">Azathoth<\/td>\n<td width=\"227\">El sult\u00e1n de los demonios<\/td>\n<\/tr>\n<\/tbody>\n<\/table>\n<p>&nbsp;<\/p>\n<p>Los Adeptos admitidos entran en el C\u00edrculo del Lud\u00f3fago por el C\u00edrculo Exterior, como Cultistas. A partir de ese punto, pueden ir avanzando en los c\u00edrculos, cada vez m\u00e1s adentro y m\u00e1s arriba, pasando por los distintos escalones del C\u00edrculo de los Ac\u00f3litos, de los Ac\u00f3litos Mayores, de Adeptos de los Primigenios y de Adeptos Mayores de los Primigenios.<\/p>\n<p>Al entrar en el C\u00edrculo de los Primigenios, se les asigna el nombre de Primigenio de entre los no usados. No hay niveles en este C\u00edrculo, todos los Adeptos que entran en el C\u00edrculo de Primigenios son iguales.<\/p>\n<p>Al entrar en el C\u00edrculo de los Arquet\u00edpicos, se les asigna el nombre de Arquet\u00edpico de entre los no usados. No hay niveles en este C\u00edrculo, todos los Adeptos que entran en el C\u00edrculo de Arquet\u00edpicos son iguales.<\/p>\n<p>La entrada en un C\u00edrculo se consigue por m\u00e9ritos, que se obtienen por los siguientes medios:<\/p>\n<ol>\n<li><u>Tiempo de permanencia como miembro activo<\/u>. Se entiende por miembro activo el que est\u00e1 admitido como socio, no inhabilitado, y que participa asiduamente en las actividades programadas por el C\u00edrculo del Lud\u00f3fago.<\/li>\n<li><u>Participaci\u00f3n en actividades<\/u>. Se puede participar como asistente o como organizador. Lo primero es condici\u00f3n necesaria para que el tiempo de permanencia sea un m\u00e9rito valorable, lo segundo incrementa sensiblemente los m\u00e9ritos adquiridos y acelerar\u00e1 por tanto el avance del Adepto a trav\u00e9s de los C\u00edrculos.<\/li>\n<li><u>Actitud<\/u>. Si es positiva, cuenta para los m\u00e9ritos; si no, no. Entendemos por actitud positiva la de aquella persona que colabora, apoya, crea buen ambiente, participa en lo que puede y aporta diversi\u00f3n.<\/li>\n<li><u>Otros<\/u>, seg\u00fan criterio del Consejo de Primigenios (Junta Directiva). El Consejo puede considerar que un Adepto ha adquirido m\u00e9ritos extra por alguna circunstancia excepcional, o que los ha perdido por otra circunstancia igualmente excepcional.<\/li>\n<\/ol>\n<p>En todos los casos, el Consejo de Primigenios (Junta Directiva) es quien determina los m\u00e9ritos de cada Adepto y decide su paso a un nivel superior o su entrada en un nuevo C\u00edrculo. Esto ocurre en cada\u00a0 una de las reuniones que tenga dicho Consejo a lo largo de todo el a\u00f1o, y se publicar\u00e1 debidamente para conocimiento de todos los asociados.<\/p>\n<p>De entre todas las clases y subclases, solamente los Miembros Fundadores y los Primigenios pueden formar parte del Consejo de Primigenios (Junta Directiva).<\/p>\n<h3><strong>SOLICITUD DE ADMISI\u00d3N Y REQUISITOS<\/strong><\/h3>\n<p>Para pasar a formar parte de la Asociaci\u00f3n, los candidatos deber\u00e1n cumplir los siguientes requisitos:<\/p>\n<p>&nbsp;<\/p>\n<ul>\n<li>Un gusto manifiesto y activo por cualquiera de Nuestros Asuntos.<\/li>\n<li>Edad igual o superior a 16 a\u00f1os.<\/li>\n<li>Aportar al menos un elemento material adecuado para uso y disfrute de todos los asociados (por ejemplo un c\u00f3mic, un libro, un disco, una pel\u00edcula, un juego, una revista cultural, unas pinturas para modelismo, o cualquier otra cosa interesante). La calidad del aporte deber\u00e1 ser aprobada por el Consejo de Primigenios (Junta Directiva). El aporte pasar\u00e1 a formar parte de los bienes de la Asociaci\u00f3n, y por tanto no podr\u00e1 exigirse su devoluci\u00f3n en caso de inhabilitaci\u00f3n o renuncia del asociado.<\/li>\n<li>Satisfacer la cuota de ingreso si se establece alguna en alg\u00fan momento.<\/li>\n<li>Una opini\u00f3n razonada sobre el Universo y el Porqu\u00e9.<\/li>\n<\/ul>\n<p>La aceptaci\u00f3n la decide el Consejo de Primigenios (Junta Directiva), aplicando el reglamento de admisi\u00f3n de asociados y tras la comprobaci\u00f3n de que se cumplen todos los requisitos de admisi\u00f3n.<\/p>\n<p>Se puede aceptar a un socio de forma provisional desde su solicitud hasta la aceptaci\u00f3n definitiva en la reuni\u00f3n del Consejo, siempre que cuente con el visto bueno de cualquiera de sus miembros.<\/p>\n<p>Los socios aceptados firmar\u00e1n su contrato de Adepto y recibir\u00e1n su carnet de socio. A partir de ese momento, tendr\u00e1n los derechos y deberes que se relacionan m\u00e1s adelante.<\/p>\n<h3><strong>RECHAZO<\/strong><\/h3>\n<p>Cuando el Consejo de Primigenios (Junta Directiva) resuelva en sentido negativo la solicitud de ingreso de alg\u00fan candidato, dicha decisi\u00f3n ser\u00e1 recurrible ante el C\u00f3nclave de Adeptos (Asamblea General) en su reuni\u00f3n m\u00e1s inmediata.<\/p>\n<p>El rechazo de una solicitud puede ocurrir por:<\/p>\n<ul>\n<li>No cumplir cualquiera de los requisitos de admisi\u00f3n<\/li>\n<li>Informe contrario del Consejo de Primigenios (Junta Directiva) por cualquier motivo -razonado- no contemplado en la lista de requisitos pero que se considere relevante.<\/li>\n<li>El solicitante tiene un comportamiento habitual y\/o forma de pensar que no encajan con los objetivos de la Asociaci\u00f3n o que van en contra de ellos.<\/li>\n<\/ul>\n<h3><strong>INHABILITACI\u00d3N<\/strong><\/h3>\n<p>El Consejo de Primigenios (Junta Directiva) puede inhabilitar temporalmente a cualquier asociado que no respete la letra o el esp\u00edritu del reglamento de asociados o de estos Estatutos, o que falte a sus deberes o no cumpla con las prohibiciones expresas que figuran en los Estatutos.<\/p>\n<p>Tambi\u00e9n podr\u00e1 proponer la inhabilitaci\u00f3n permanente de un asociado, que deber\u00e1 ser aprobada en el C\u00f3nclave de Adeptos (Asamblea General) y tendr\u00e1 la consideraci\u00f3n de expulsi\u00f3n completa de la Asociaci\u00f3n.<\/p>\n<p>La inhabilitaci\u00f3n podr\u00e1 ser recurrida ante el C\u00f3nclave de Adeptos (Asamblea General) en su reuni\u00f3n m\u00e1s inmediata.<\/p>\n<h3><strong>P\u00c9RDIDA DE LA CONDICI\u00d3N DE ASOCIADO<\/strong><\/h3>\n<p>Son causa de la misma:<\/p>\n<ul>\n<li>La baja voluntaria.<\/li>\n<li>El impago de las cuotas, previa su reclamaci\u00f3n fehaciente.<\/li>\n<li>La expulsi\u00f3n acordada por el C\u00f3nclave de adeptos (Asamblea General), previa propuesta del Consejo de Primigenios (Junta Directiva). El acuerdo de expulsi\u00f3n deber\u00e1 motivarse, fund\u00e1ndose en la p\u00e9rdida de cualquiera de los requisitos legales o estatutarios previstos.<\/li>\n<li>La falta de respeto por cualquiera de los asociados, y en especial por el Primigenio Presidente, el Primigenio Vicepresidente, el Primigenio Secretario y los Miembros Fundadores.<\/li>\n<\/ul>\n<h3><strong>DERECHOS DE LOS ASOCIADOS<\/strong><\/h3>\n<p>Los miembros de la Asociaci\u00f3n ostentar\u00e1n los siguientes derechos:<\/p>\n<ul>\n<li>Asistir con voz y voto al C\u00f3nclave de Adeptos (Asamblea General), con la excepci\u00f3n de los Miembros Honorarios, que tendr\u00e1n voz pero no voto.<\/li>\n<li>Elegir y ser elegido miembro del Consejo de Primigenios (Junta Directiva), con la excepci\u00f3n de los Miembros Honorarios y los Adeptos que no tengan la categor\u00eda de Primigenio.<\/li>\n<li>Participar en cuantas actividades emprenda la Asociaci\u00f3n, con preferencia respecto de los no asociados.<\/li>\n<li>Utilizar los distintivos que le identifiquen como miembro de la Asociaci\u00f3n.<\/li>\n<li>Exponer al Consejo de Primigenios (Junta Directiva) quejas, sugerencias o peticiones de informaci\u00f3n sobre la Asociaci\u00f3n y obtener respuesta oportuna y adecuada.<\/li>\n<li>Utilizar responsablemente los bienes comunes de la Asociaci\u00f3n.<\/li>\n<\/ul>\n<h3><strong>DEBERES DE LOS ASOCIADOS<\/strong><\/h3>\n<p>Son los siguientes:<\/p>\n<ul>\n<li>Asistir al C\u00f3nclave de Adeptos (Asamblea General) cuando sea convocado y cumplir los acuerdos adoptados en \u00e9l.<\/li>\n<li>Contribuir al mantenimiento de la Asociaci\u00f3n mediante el abono de las cuotas correspondientes que se fijen en el C\u00f3nclave de Adeptos (Asamblea General).<\/li>\n<li>Cooperar de manera personal y activa en el desarrollo de las actividades de la Asociaci\u00f3n, as\u00ed como asistir a las actividades sociales que se realicen.<\/li>\n<li>Asumir las funciones y obligaciones que les asigne la Asociaci\u00f3n.<\/li>\n<li>Cumplir con los Estatutos y reglamentos de la Asociaci\u00f3n, en letra y esp\u00edritu.<\/li>\n<li>Ejercitar sus derechos con criterio responsable, c\u00edvico, pac\u00edfico y funcional, en el marco de las relaciones de convivencia y de respeto a la dignidad humana.<\/li>\n<li>Guardar confidencialidad en aquello que llegue a su conocimiento en relaci\u00f3n con sus funciones dentro de la Asociaci\u00f3n.<\/li>\n<li>Mantener vivo el esp\u00edritu de la Asociaci\u00f3n, su prestigio y su buen nombre.<\/li>\n<\/ul>\n<h3><strong>PROHIBICIONES<\/strong><\/h3>\n<p>Se proh\u00edbe expresamente a los asociados:<\/p>\n<ul>\n<li>Intervenir en asuntos que comprometan el respeto debido a la Asociaci\u00f3n y los asociados, o su prestigio y su buen nombre.<\/li>\n<li>Participar en actividades partidistas, clientelistas o proselitistas utilizando el nombre de la Asociaci\u00f3n.<\/li>\n<li>Discriminar, actuando como miembro de la Asociaci\u00f3n o en nombre de la Asociaci\u00f3n, a personas f\u00edsicas o jur\u00eddicas, por razones de credo religioso o pol\u00edtico, sexo, raza, nacionalidad, clase social, discapacidad, indumentaria o capacidad econ\u00f3mica.<\/li>\n<li>Impedir la asistencia o intervenci\u00f3n de los asociados en el C\u00f3nclave de adeptos (Asamblea General) o en el Consejo de Primigenios (Junta Directiva), o alterar su normal desarrollo.<\/li>\n<li>Usar la sede, el material o los lugares de desarrollo de las actividades para fines distintos a los autorizados para el cumplimiento del objeto social.<\/li>\n<\/ul>\n<h3><strong>ANEXO: REGLAS NO INCLUIDAS EN LOS ESTATUTOS<\/strong><\/h3>\n<p><u>PROHIBICIONES<\/u><\/p>\n<p>Por extensi\u00f3n, y como aclaraci\u00f3n, se concretan algunos casos particulares de prohibiciones, por su riesgo alto de ocurrencia:<\/p>\n<ul>\n<li>Fumar en las reuniones.<\/li>\n<li>Temas de debate centrados en la pol\u00edtica o el f\u00fatbol. No se incluye aqu\u00ed el debate sobre filosof\u00eda de la pol\u00edtica, ni sobre el f\u00fatbol desde un punto de vista estrictamente social o econ\u00f3mico.<\/li>\n<li>Cotillear malsanamente.<\/li>\n<li>Hacer apolog\u00eda del no leer. No hacer apolog\u00eda del leer.<\/li>\n<\/ul>\n<p>Y no hay otros casos que a\u00f1adir a fecha de hoy (22\/07\/16)<\/p>\n","protected":false},"excerpt":{"rendered":"<p>CLASES, SUBCLASES Y C\u00cdRCULOS Los socios del C\u00edrculo del Lud\u00f3fago se clasifican en tres CLASES, a saber: Miembros Fundadores: personas que han ideado y promovido la creaci\u00f3n de la Asociaci\u00f3n, haciendo los primeros aportes de tiempo, trabajo, dinero y creatividad para poner en marcha el proyecto. A saber: I\u00f1aki Mart\u00ednez \u2026 <a class=\"continue-reading-link\" href=\"https:\/\/circuloludofago.com\/wordpress\/reglamento-de-adeptos\/\"> seguir leyendo <span class=\"meta-nav\">&rarr; <\/span><\/a><\/p>\n","protected":false},"author":2,"featured_media":0,"parent":0,"menu_order":0,"comment_status":"closed","ping_status":"closed","template":"","meta":{"_acf_changed":false,"footnotes":""},"class_list":["post-568","page","type-page","status-publish","hentry"],"acf":[],"jetpack_sharing_enabled":true,"_links":{"self":[{"href":"https:\/\/circuloludofago.com\/wordpress\/wp-json\/wp\/v2\/pages\/568","targetHints":{"allow":["GET"]}}],"collection":[{"href":"https:\/\/circuloludofago.com\/wordpress\/wp-json\/wp\/v2\/pages"}],"about":[{"href":"https:\/\/circuloludofago.com\/wordpress\/wp-json\/wp\/v2\/types\/page"}],"author":[{"embeddable":true,"href":"https:\/\/circuloludofago.com\/wordpress\/wp-json\/wp\/v2\/users\/2"}],"replies":[{"embeddable":true,"href":"https:\/\/circuloludofago.com\/wordpress\/wp-json\/wp\/v2\/comments?post=568"}],"version-history":[{"count":2,"href":"https:\/\/circuloludofago.com\/wordpress\/wp-json\/wp\/v2\/pages\/568\/revisions"}],"predecessor-version":[{"id":570,"href":"https:\/\/circuloludofago.com\/wordpress\/wp-json\/wp\/v2\/pages\/568\/revisions\/570"}],"wp:attachment":[{"href":"https:\/\/circuloludofago.com\/wordpress\/wp-json\/wp\/v2\/media?parent=568"}],"curies":[{"name":"wp","href":"https:\/\/api.w.org\/{rel}","templated":true}]}}